{"id":6,"date":"2013-03-11T21:00:28","date_gmt":"2013-03-11T19:00:28","guid":{"rendered":"https:\/\/centerstock.metaco.ee\/?page_id=6"},"modified":"2021-05-03T10:54:46","modified_gmt":"2021-05-03T08:54:46","slug":"avaleht","status":"publish","type":"page","link":"https:\/\/centerstock.metaco.ee\/fi\/","title":{"rendered":"Etusivu"},"content":{"rendered":"<h2>Oleme sulle hinnatud ja usaldusv\u00e4\u00e4rne koost\u00f6\u00f6partner!<\/h2>\n<p style=\"text-align: justify;\">Centerstock on ettev\u00f5te kes pakub kinnisvara ja ehitusalaseid teenuseid ning vahendab erinevaid kaupu. Meie ettev\u00f5te on tegutsenud Eesti turul alates 2008 aastast. Ettev\u00f5tte loodi eesm\u00e4rgiga pakkuda oma klientidele kvaliteetset ja tervikliku teenust. Centerstock aitab sul leida k\u00f5ik vajaliku oma kinnisvara v\u00f5i ehitusprojektide l\u00e4biviimiseks. Tegeleme ka ehitusmaterjalide hangetega. Oleme sinu k\u00f5rval ideest teostuseni!<\/p>\n<p><a class=\"readmore\" title=\"Tutvu meie teenustega\" href=\"#teenused\">Tutvu meie teenustega<\/a><\/p>\n<h2>Olemme arvostettu ja luotettava yhteisty\u00f6kumppani!<\/h2>\n<p style=\"text-align: justify;\">Centerstock on kiinteist\u00f6- ja rakennusalan palveluita tarjoava ja erilaisia tavaroita v\u00e4litt\u00e4v\u00e4 yritys. Olemme toimineet Viron markkinoilla vuodesta 2008 l\u00e4htien. Yrityksen tavoitteena on tarjota asiakkaille laadukasta ja kokonaisvaltaista palvelua. Centerstock auttaa l\u00f6yt\u00e4m\u00e4\u00e4n kaiken tarpeellisen kiinteist\u00f6n tai rakennushankkeiden toteuttamiseen. Harjoitamme my\u00f6s rakennusmateriaalien hankintaa. Olemme tukenasi ideasta toteutukseen!<\/p>\n<p><a class=\"readmore\" title=\"Tutustu meid\u00e4n palveluihin\" href=\"#teenused\">Tutustu meid\u00e4n palveluihin<\/a><\/p>","protected":false},"excerpt":{"rendered":"<p>Oleme sulle hinnatud ja usaldusv\u00e4\u00e4rne koost\u00f6\u00f6partner! Centerstock on ettev\u00f5te kes pakub kinnisvara ja ehitusalaseid teenuseid ning vahendab erinevaid kaupu. Meie ettev\u00f5te on tegutsenud Eesti turul alates 2008 aastast. Ettev\u00f5tte loodi eesm\u00e4rgiga pakkuda oma klientidele kvaliteetset ja tervikliku teenust. Centerstock aitab &hellip; <a href=\"https:\/\/centerstock.metaco.ee\/fi\/\">Continued<\/a><\/p>\n","protected":false},"author":1,"featured_media":0,"parent":0,"menu_order":-1,"comment_status":"closed","ping_status":"closed","template":"","meta":{"footnotes":""},"class_list":["post-6","page","type-page","status-publish","hentry"],"_links":{"self":[{"href":"https:\/\/centerstock.metaco.ee\/fi\/wp-json\/wp\/v2\/pages\/6","targetHints":{"allow":["GET"]}}],"collection":[{"href":"https:\/\/centerstock.metaco.ee\/fi\/wp-json\/wp\/v2\/pages"}],"about":[{"href":"https:\/\/centerstock.metaco.ee\/fi\/wp-json\/wp\/v2\/types\/page"}],"author":[{"embeddable":true,"href":"https:\/\/centerstock.metaco.ee\/fi\/wp-json\/wp\/v2\/users\/1"}],"replies":[{"embeddable":true,"href":"https:\/\/centerstock.metaco.ee\/fi\/wp-json\/wp\/v2\/comments?post=6"}],"version-history":[{"count":33,"href":"https:\/\/centerstock.metaco.ee\/fi\/wp-json\/wp\/v2\/pages\/6\/revisions"}],"predecessor-version":[{"id":217,"href":"https:\/\/centerstock.metaco.ee\/fi\/wp-json\/wp\/v2\/pages\/6\/revisions\/217"}],"wp:attachment":[{"href":"https:\/\/centerstock.metaco.ee\/fi\/wp-json\/wp\/v2\/media?parent=6"}],"curies":[{"name":"wp","href":"https:\/\/api.w.org\/{rel}","templated":true}]}}