{"id":6,"date":"2013-03-11T21:00:28","date_gmt":"2013-03-11T19:00:28","guid":{"rendered":"https:\/\/centerstock.metaco.ee\/?page_id=6"},"modified":"2021-05-03T10:54:46","modified_gmt":"2021-05-03T08:54:46","slug":"avaleht","status":"publish","type":"page","link":"https:\/\/centerstock.metaco.ee\/ru\/","title":{"rendered":"\u0413\u043b\u0430\u0432\u043d\u044b\u0439"},"content":{"rendered":"<h2>Oleme sulle hinnatud ja usaldusv\u00e4\u00e4rne koost\u00f6\u00f6partner!<\/h2>\n<p style=\"text-align: justify;\">Centerstock on ettev\u00f5te kes pakub kinnisvara ja ehitusalaseid teenuseid ning vahendab erinevaid kaupu. Meie ettev\u00f5te on tegutsenud Eesti turul alates 2008 aastast. Ettev\u00f5tte loodi eesm\u00e4rgiga pakkuda oma klientidele kvaliteetset ja tervikliku teenust. Centerstock aitab sul leida k\u00f5ik vajaliku oma kinnisvara v\u00f5i ehitusprojektide l\u00e4biviimiseks. Tegeleme ka ehitusmaterjalide hangetega. Oleme sinu k\u00f5rval ideest teostuseni!<\/p>\n<p><a class=\"readmore\" title=\"Tutvu meie teenustega\" href=\"#teenused\">Tutvu meie teenustega<\/a><\/p>\n<h2>\u041c\u044b \u0431\u0443\u0434\u0435\u043c \u0412\u0430\u0448\u0438\u043c \u0446\u0435\u043d\u043d\u044b\u043c \u0438 \u043d\u0430\u0434\u0435\u0436\u043d\u044b\u043c \u043f\u0430\u0440\u0442\u043d\u0435\u0440\u043e\u043c!<\/h2>\n<p style=\"text-align: justify;\">\u041a\u043e\u043c\u043f\u0430\u043d\u0438\u044f Centerstock \u043f\u0440\u0435\u0434\u043b\u0430\u0433\u0430\u0435\u0442 \u0443\u0441\u043b\u0443\u0433\u0438 \u0432 \u043e\u0431\u043b\u0430\u0441\u0442\u0438 \u043d\u0435\u0434\u0432\u0438\u0436\u0438\u043c\u043e\u0441\u0442\u0438 \u0438 \u0441\u0442\u0440\u043e\u0438\u0442\u0435\u043b\u044c\u0441\u0442\u0432\u0430 \u0438 \u043f\u0440\u043e\u0434\u0430\u0435\u0442 \u0432 \u043a\u0430\u0447\u0435\u0441\u0442\u0432\u0435 \u043f\u043e\u0441\u0440\u0435\u0434\u043d\u0438\u043a\u0430 \u0440\u0430\u0437\u043b\u0438\u0447\u043d\u044b\u0435 \u0442\u043e\u0432\u0430\u0440\u044b. \u041d\u0430\u0448\u0435 \u043f\u0440\u0435\u0434\u043f\u0440\u0438\u044f\u0442\u0438\u0435 \u0434\u0435\u0439\u0441\u0442\u0432\u0443\u0435\u0442 \u043d\u0430 \u044d\u0441\u0442\u043e\u043d\u0441\u043a\u043e\u043c \u0440\u044b\u043d\u043a\u0435 \u0441 2008 \u0433\u043e\u0434\u0430. \u041f\u0440\u0435\u0434\u043f\u0440\u0438\u044f\u0442\u0438\u0435 \u0431\u044b\u043b\u043e \u0441\u043e\u0437\u0434\u0430\u043d\u043e \u0434\u043b\u044f \u0442\u043e\u0433\u043e, \u0447\u0442\u043e\u0431\u044b \u043f\u0440\u0435\u0434\u043e\u0441\u0442\u0430\u0432\u043b\u044f\u0442\u044c \u043a\u043b\u0438\u0435\u043d\u0442\u0430\u043c \u043a\u0430\u0447\u0435\u0441\u0442\u0432\u0435\u043d\u043d\u044b\u0435 \u0438 \u043a\u043e\u043c\u043f\u043b\u0435\u043a\u0441\u043d\u044b\u0435 \u0443\u0441\u043b\u0443\u0433\u0438. Centerstock \u043f\u043e\u043c\u043e\u0436\u0435\u0442 \u0412\u0430\u043c \u043d\u0430\u0439\u0442\u0438 \u0432\u0441\u0435 \u043d\u0435\u043e\u0431\u0445\u043e\u0434\u0438\u043c\u043e\u0435 \u0434\u043b\u044f \u0440\u0435\u0430\u043b\u0438\u0437\u0430\u0446\u0438\u0438 \u0412\u0430\u0448\u0438\u0445 \u043f\u0440\u043e\u0435\u043a\u0442\u043e\u0432, \u0441\u0432\u044f\u0437\u0430\u043d\u043d\u044b\u0445 \u0441 \u043d\u0435\u0434\u0432\u0438\u0436\u0438\u043c\u043e\u0441\u0442\u044c\u044e \u0438 \u0441\u0442\u0440\u043e\u0438\u0442\u0435\u043b\u044c\u0441\u0442\u0432\u043e\u043c. \u041c\u044b \u0442\u0430\u043a\u0436\u0435 \u0437\u0430\u043d\u0438\u043c\u0430\u0435\u043c\u0441\u044f \u0437\u0430\u043a\u0443\u043f\u043a\u043e\u0439 \u0441\u0442\u0440\u043e\u0438\u0442\u0435\u043b\u044c\u043d\u044b\u0445 \u043c\u0430\u0442\u0435\u0440\u0438\u0430\u043b\u043e\u0432. \u041c\u044b \u0431\u0443\u0434\u0435\u043c \u0441\u043e\u043f\u0440\u043e\u0432\u043e\u0436\u0434\u0430\u0442\u044c \u0412\u0430\u0441 \u043e\u0442 \u0440\u043e\u0436\u0434\u0435\u043d\u0438\u044f \u0438\u0434\u0435\u0438 \u0434\u043e \u0435\u0435 \u0432\u043e\u043f\u043b\u043e\u0449\u0435\u043d\u0438\u044f!<\/p>\n<p><a class=\"readmore\" title=\"\u041e\u0437\u043d\u0430\u043a\u043e\u043c\u044c\u0442\u0435\u0441\u044c \u0441 \u043d\u0430\u0448\u0438\u043c\u0438 \u0443\u0441\u043b\u0443\u0433\u0430\u043c\u0438\" href=\"#teenused\">\u041e\u0437\u043d\u0430\u043a\u043e\u043c\u044c\u0442\u0435\u0441\u044c \u0441 \u043d\u0430\u0448\u0438\u043c\u0438 \u0443\u0441\u043b\u0443\u0433\u0430\u043c\u0438<\/a><\/p>","protected":false},"excerpt":{"rendered":"<p>Oleme sulle hinnatud ja usaldusv\u00e4\u00e4rne koost\u00f6\u00f6partner! Centerstock on ettev\u00f5te kes pakub kinnisvara ja ehitusalaseid teenuseid ning vahendab erinevaid kaupu. Meie ettev\u00f5te on tegutsenud Eesti turul alates 2008 aastast. Ettev\u00f5tte loodi eesm\u00e4rgiga pakkuda oma klientidele kvaliteetset ja tervikliku teenust. Centerstock aitab &hellip; <a href=\"https:\/\/centerstock.metaco.ee\/ru\/\">Continued<\/a><\/p>\n","protected":false},"author":1,"featured_media":0,"parent":0,"menu_order":-1,"comment_status":"closed","ping_status":"closed","template":"","meta":{"footnotes":""},"class_list":["post-6","page","type-page","status-publish","hentry"],"_links":{"self":[{"href":"https:\/\/centerstock.metaco.ee\/ru\/wp-json\/wp\/v2\/pages\/6","targetHints":{"allow":["GET"]}}],"collection":[{"href":"https:\/\/centerstock.metaco.ee\/ru\/wp-json\/wp\/v2\/pages"}],"about":[{"href":"https:\/\/centerstock.metaco.ee\/ru\/wp-json\/wp\/v2\/types\/page"}],"author":[{"embeddable":true,"href":"https:\/\/centerstock.metaco.ee\/ru\/wp-json\/wp\/v2\/users\/1"}],"replies":[{"embeddable":true,"href":"https:\/\/centerstock.metaco.ee\/ru\/wp-json\/wp\/v2\/comments?post=6"}],"version-history":[{"count":33,"href":"https:\/\/centerstock.metaco.ee\/ru\/wp-json\/wp\/v2\/pages\/6\/revisions"}],"predecessor-version":[{"id":217,"href":"https:\/\/centerstock.metaco.ee\/ru\/wp-json\/wp\/v2\/pages\/6\/revisions\/217"}],"wp:attachment":[{"href":"https:\/\/centerstock.metaco.ee\/ru\/wp-json\/wp\/v2\/media?parent=6"}],"curies":[{"name":"wp","href":"https:\/\/api.w.org\/{rel}","templated":true}]}}